{"id":997,"date":"2022-02-25T10:12:28","date_gmt":"2022-02-25T10:12:28","guid":{"rendered":"https:\/\/dev.hotel-audotel.com\/?page_id=997"},"modified":"2022-02-28T13:41:04","modified_gmt":"2022-02-28T13:41:04","slug":"parties-communes-ambiance","status":"publish","type":"page","link":"https:\/\/hotel-audotel.com\/index.php\/parties-communes-ambiance\/","title":{"rendered":"Parties Communes &#8211; Ambiance"},"content":{"rendered":"<div data-colibri-id=\"997-c1\" class=\"style-921 style-local-997-c1 position-relative\">\n  <!---->\n  <div data-colibri-component=\"section\" data-colibri-id=\"997-c2\" id=\"photo-gallery\" class=\"h-section h-section-global-spacing d-flex align-items-lg-center align-items-md-center align-items-center style-922 style-local-997-c2 position-relative\">\n    <!---->\n    <!---->\n    <div class=\"h-section-grid-container h-section-boxed-container\">\n      <div data-colibri-id=\"997-c6\" class=\"h-row-container gutters-row-lg-2 gutters-row-md-2 gutters-row-2 gutters-row-v-lg-2 gutters-row-v-md-2 gutters-row-v-2 style-926 style-local-997-c6 position-relative\">\n        <!---->\n        <div class=\"h-row justify-content-lg-center justify-content-md-center justify-content-center align-items-lg-stretch align-items-md-stretch align-items-stretch gutters-col-lg-2 gutters-col-md-2 gutters-col-2 gutters-col-v-lg-2 gutters-col-v-md-2 gutters-col-v-2\">\n          <!---->\n          <div class=\"h-column h-column-container d-flex h-col-lg-auto h-col-md-auto h-col-auto style-927-outer style-local-997-c7-outer\">\n            <div data-colibri-id=\"997-c7\" class=\"d-flex h-flex-basis h-column__inner h-px-lg-2 h-px-md-2 h-px-2 v-inner-lg-2 v-inner-md-2 v-inner-2 style-927 style-local-997-c7 position-relative\">\n              <!---->\n              <!---->\n              <div class=\"w-100 h-y-container h-column__content h-column__v-align flex-basis-100 align-self-lg-start align-self-md-start align-self-start\">\n                <!---->\n                <div data-colibri-id=\"997-c8\" class=\"h-global-transition-all h-heading style-928 style-local-997-c8 position-relative h-element\">\n                  <!---->\n                  <div class=\"h-heading__outer style-928 style-local-997-c8\">\n                    <!---->\n                    <!---->\n                    <h2 class=\"\">Votre H\u00f4tel<\/h2>\n                  <\/div>\n                <\/div>\n              <\/div>\n            <\/div>\n          <\/div>\n        <\/div>\n      <\/div>\n      <div data-colibri-id=\"997-c3\" class=\"h-row-container gutters-row-lg-2 gutters-row-md-2 gutters-row-2 gutters-row-v-lg-2 gutters-row-v-md-2 gutters-row-v-2 style-923 style-local-997-c3 position-relative\">\n        <!---->\n        <div class=\"h-row justify-content-lg-center justify-content-md-center justify-content-center align-items-lg-stretch align-items-md-stretch align-items-stretch gutters-col-lg-2 gutters-col-md-2 gutters-col-2 gutters-col-v-lg-2 gutters-col-v-md-2 gutters-col-v-2\">\n          <!---->\n          <div class=\"h-column h-column-container d-flex h-col-lg-auto h-col-md-auto h-col-auto style-924-outer style-local-997-c4-outer\">\n            <div data-colibri-id=\"997-c4\" class=\"d-flex h-flex-basis h-column__inner h-px-lg-2 h-px-md-2 h-px-2 v-inner-lg-2 v-inner-md-2 v-inner-2 style-924 style-local-997-c4 position-relative\">\n              <!---->\n              <!---->\n              <div class=\"w-100 h-y-container h-column__content h-column__v-align flex-basis-100 align-self-lg-start align-self-md-start align-self-start\">\n                <!---->\n                <div data-colibri-component=\"masonry\" data-colibri-id=\"997-c5\" class=\"h-photo-gallery margin-none caption-none style-925 style-local-997-c5 position-relative h-element\">\n                  <!---->\n                  <div class=\"h-global-transition-all caption-wrapper-full\"><div id='colibri-997-c5' class='gallery-wrapper'>    <style type=\"text\/css\">\n\n        @media (min-width: 1023px) {        #colibri-997-c5        dl {\n            float: left;\n            width: 33.333333333333% !important;\n            max-width: 33.333333333333% !important;\n            min-width: 33.333333333333% !important;\n        }\n\n        #colibri-997-c5        dl:nth-of-type(3n +1 ) {\n            clear: both;\n        }\n\n        }@media (min-width: 768px) and (max-width: 1023px) {        #colibri-997-c5        dl {\n            float: left;\n            width: 33.333333333333% !important;\n            max-width: 33.333333333333% !important;\n            min-width: 33.333333333333% !important;\n        }\n\n        #colibri-997-c5        dl:nth-of-type(3n +1 ) {\n            clear: both;\n        }\n\n        }@media (max-width: 767px) {        #colibri-997-c5        dl {\n            float: left;\n            width: 50% !important;\n            max-width: 50% !important;\n            min-width: 50% !important;\n        }\n\n        #colibri-997-c5        dl:nth-of-type(2n +1 ) {\n            clear: both;\n        }\n\n        }\n        #colibri-997-c5        .gallery-item {\n            position: relative;\n        }\n\n        \n    <\/style>\n    <div   class='colibri-997-c5-dls-wrapper gallery-items-wrapper' ><dl class='gallery-item masonry-item'>\n\t\t\t<dt class='gallery-icon landscape'>\n\t\t\t\t<a data-fancybox=\"colibri-997-c5-group\" href='https:\/\/hotel-audotel.com\/wp-content\/uploads\/2022\/02\/5V3A0347-1-scaled-e1684910205526.jpg'><img loading=\"lazy\" decoding=\"async\"  width=\"300\" height=\"200\" src=\"https:\/\/hotel-audotel.com\/wp-content\/uploads\/2022\/02\/5V3A0347-1-scaled-e1684910205526-300x200.jpg\"  class='colibri-997-c5-image' alt=\"Accueil Audotel Hotel Carcassonne proche de la cit\u00e9 m\u00e9di\u00e9vale de Carcassonne Aude France\" srcset=\"https:\/\/hotel-audotel.com\/wp-content\/uploads\/2022\/02\/5V3A0347-1-scaled-e1684910205526-300x200.jpg 300w, https:\/\/hotel-audotel.com\/wp-content\/uploads\/2022\/02\/5V3A0347-1-scaled-e1684910205526-1024x683.jpg 1024w, https:\/\/hotel-audotel.com\/wp-content\/uploads\/2022\/02\/5V3A0347-1-scaled-e1684910205526-768x512.jpg 768w, https:\/\/hotel-audotel.com\/wp-content\/uploads\/2022\/02\/5V3A0347-1-scaled-e1684910205526.jpg 1280w\" sizes=\"(max-width: 300px) 100vw, 300px\" \/><\/a>\n\t\t\t<\/dt><\/dl><dl class='gallery-item masonry-item'>\n\t\t\t<dt class='gallery-icon landscape'>\n\t\t\t\t<a data-fancybox=\"colibri-997-c5-group\" href='https:\/\/hotel-audotel.com\/wp-content\/uploads\/2022\/02\/5V3A0468-1-scaled-e1684910042236.jpg'><img loading=\"lazy\" decoding=\"async\"  width=\"300\" height=\"200\" src=\"https:\/\/hotel-audotel.com\/wp-content\/uploads\/2022\/02\/5V3A0468-1-scaled-e1684910042236-300x200.jpg\"  class='colibri-997-c5-image' alt=\"Accueil Audotel Hotel Carcassonne proche de la cit\u00e9 m\u00e9di\u00e9vale de Carcassonne Aude France\" srcset=\"https:\/\/hotel-audotel.com\/wp-content\/uploads\/2022\/02\/5V3A0468-1-scaled-e1684910042236-300x200.jpg 300w, https:\/\/hotel-audotel.com\/wp-content\/uploads\/2022\/02\/5V3A0468-1-scaled-e1684910042236-1024x683.jpg 1024w, https:\/\/hotel-audotel.com\/wp-content\/uploads\/2022\/02\/5V3A0468-1-scaled-e1684910042236-768x512.jpg 768w, https:\/\/hotel-audotel.com\/wp-content\/uploads\/2022\/02\/5V3A0468-1-scaled-e1684910042236.jpg 1280w\" sizes=\"(max-width: 300px) 100vw, 300px\" \/><\/a>\n\t\t\t<\/dt><\/dl><dl class='gallery-item masonry-item'>\n\t\t\t<dt class='gallery-icon landscape'>\n\t\t\t\t<a data-fancybox=\"colibri-997-c5-group\" href='https:\/\/hotel-audotel.com\/wp-content\/uploads\/2022\/02\/Audotel-Carcassonne-17-scaled-e1684909987510.jpg'><img loading=\"lazy\" decoding=\"async\"  width=\"300\" height=\"200\" src=\"https:\/\/hotel-audotel.com\/wp-content\/uploads\/2022\/02\/Audotel-Carcassonne-17-scaled-e1684909987510-300x200.jpg\"  class='colibri-997-c5-image' alt=\"Audotel Hotel Carcassonne proche de la cit\u00e9 m\u00e9di\u00e9vale de Carcassonne Aude France\" srcset=\"https:\/\/hotel-audotel.com\/wp-content\/uploads\/2022\/02\/Audotel-Carcassonne-17-scaled-e1684909987510-300x200.jpg 300w, https:\/\/hotel-audotel.com\/wp-content\/uploads\/2022\/02\/Audotel-Carcassonne-17-scaled-e1684909987510-1024x683.jpg 1024w, https:\/\/hotel-audotel.com\/wp-content\/uploads\/2022\/02\/Audotel-Carcassonne-17-scaled-e1684909987510-768x512.jpg 768w, https:\/\/hotel-audotel.com\/wp-content\/uploads\/2022\/02\/Audotel-Carcassonne-17-scaled-e1684909987510.jpg 1280w\" sizes=\"(max-width: 300px) 100vw, 300px\" \/><\/a>\n\t\t\t<\/dt><\/dl><dl class='gallery-item masonry-item'>\n\t\t\t<dt class='gallery-icon landscape'>\n\t\t\t\t<a data-fancybox=\"colibri-997-c5-group\" href='https:\/\/hotel-audotel.com\/wp-content\/uploads\/2022\/02\/Audotel-Couloir-1-scaled-e1684909966177.jpg'><img loading=\"lazy\" decoding=\"async\"  width=\"300\" height=\"200\" src=\"https:\/\/hotel-audotel.com\/wp-content\/uploads\/2022\/02\/Audotel-Couloir-1-scaled-e1684909966177-300x200.jpg\"  class='colibri-997-c5-image' alt=\"couloir Audotel Hotel Carcassonne proche de la cit\u00e9 m\u00e9di\u00e9vale de Carcassonne Aude France\" srcset=\"https:\/\/hotel-audotel.com\/wp-content\/uploads\/2022\/02\/Audotel-Couloir-1-scaled-e1684909966177-300x200.jpg 300w, https:\/\/hotel-audotel.com\/wp-content\/uploads\/2022\/02\/Audotel-Couloir-1-scaled-e1684909966177-1024x683.jpg 1024w, https:\/\/hotel-audotel.com\/wp-content\/uploads\/2022\/02\/Audotel-Couloir-1-scaled-e1684909966177-768x512.jpg 768w, https:\/\/hotel-audotel.com\/wp-content\/uploads\/2022\/02\/Audotel-Couloir-1-scaled-e1684909966177.jpg 1280w\" sizes=\"(max-width: 300px) 100vw, 300px\" \/><\/a>\n\t\t\t<\/dt><\/dl><dl class='gallery-item masonry-item'>\n\t\t\t<dt class='gallery-icon landscape'>\n\t\t\t\t<a data-fancybox=\"colibri-997-c5-group\" href='https:\/\/hotel-audotel.com\/wp-content\/uploads\/2022\/02\/Audotel-jeux-en-famille-1-scaled-e1684909837832.jpg'><img loading=\"lazy\" decoding=\"async\"  width=\"300\" height=\"200\" src=\"https:\/\/hotel-audotel.com\/wp-content\/uploads\/2022\/02\/Audotel-jeux-en-famille-1-scaled-e1684909837832-300x200.jpg\"  class='colibri-997-c5-image' alt=\"jeux en famille Audotel Hotel Carcassonne proche de la cit\u00e9 m\u00e9di\u00e9vale de Carcassonne Aude France\" srcset=\"https:\/\/hotel-audotel.com\/wp-content\/uploads\/2022\/02\/Audotel-jeux-en-famille-1-scaled-e1684909837832-300x200.jpg 300w, https:\/\/hotel-audotel.com\/wp-content\/uploads\/2022\/02\/Audotel-jeux-en-famille-1-scaled-e1684909837832-1024x683.jpg 1024w, https:\/\/hotel-audotel.com\/wp-content\/uploads\/2022\/02\/Audotel-jeux-en-famille-1-scaled-e1684909837832-768x512.jpg 768w, https:\/\/hotel-audotel.com\/wp-content\/uploads\/2022\/02\/Audotel-jeux-en-famille-1-scaled-e1684909837832.jpg 1280w\" sizes=\"(max-width: 300px) 100vw, 300px\" \/><\/a>\n\t\t\t<\/dt><\/dl><dl class='gallery-item masonry-item'>\n\t\t\t<dt class='gallery-icon landscape'>\n\t\t\t\t<a data-fancybox=\"colibri-997-c5-group\" href='https:\/\/hotel-audotel.com\/wp-content\/uploads\/2022\/02\/Audotel-Couloir-scaled-e1684909865417.jpg'><img loading=\"lazy\" decoding=\"async\"  width=\"300\" height=\"200\" src=\"https:\/\/hotel-audotel.com\/wp-content\/uploads\/2022\/02\/Audotel-Couloir-scaled-e1684909865417-300x200.jpg\"  class='colibri-997-c5-image' alt=\"Audotel couloir Audotel Hotel Carcassonne proche de la cit\u00e9 m\u00e9di\u00e9vale de Carcassonne Aude France\" srcset=\"https:\/\/hotel-audotel.com\/wp-content\/uploads\/2022\/02\/Audotel-Couloir-scaled-e1684909865417-300x200.jpg 300w, https:\/\/hotel-audotel.com\/wp-content\/uploads\/2022\/02\/Audotel-Couloir-scaled-e1684909865417-1024x683.jpg 1024w, https:\/\/hotel-audotel.com\/wp-content\/uploads\/2022\/02\/Audotel-Couloir-scaled-e1684909865417-768x512.jpg 768w, https:\/\/hotel-audotel.com\/wp-content\/uploads\/2022\/02\/Audotel-Couloir-scaled-e1684909865417.jpg 1280w\" sizes=\"(max-width: 300px) 100vw, 300px\" \/><\/a>\n\t\t\t<\/dt><\/dl><dl class='gallery-item masonry-item'>\n\t\t\t<dt class='gallery-icon landscape'>\n\t\t\t\t<a data-fancybox=\"colibri-997-c5-group\" href='https:\/\/hotel-audotel.com\/wp-content\/uploads\/2022\/02\/SALLE-1-e1684910307494.jpg'><img loading=\"lazy\" decoding=\"async\"  width=\"300\" height=\"200\" src=\"https:\/\/hotel-audotel.com\/wp-content\/uploads\/2022\/02\/SALLE-1-e1684910307494-300x200.jpg\"  class='colibri-997-c5-image' alt=\"salle d\u00e9jeuner Audotel Hotel Carcassonne proche de la cit\u00e9 m\u00e9di\u00e9vale de Carcassonne Aude France\" srcset=\"https:\/\/hotel-audotel.com\/wp-content\/uploads\/2022\/02\/SALLE-1-e1684910307494-300x200.jpg 300w, https:\/\/hotel-audotel.com\/wp-content\/uploads\/2022\/02\/SALLE-1-e1684910307494-768x512.jpg 768w, https:\/\/hotel-audotel.com\/wp-content\/uploads\/2022\/02\/SALLE-1-e1684910307494.jpg 980w\" sizes=\"(max-width: 300px) 100vw, 300px\" \/><\/a>\n\t\t\t<\/dt><\/dl><dl class='gallery-item masonry-item'>\n\t\t\t<dt class='gallery-icon landscape'>\n\t\t\t\t<a data-fancybox=\"colibri-997-c5-group\" href='https:\/\/hotel-audotel.com\/wp-content\/uploads\/2022\/02\/5V3A0262-1-e1684910537690.jpg'><img loading=\"lazy\" decoding=\"async\"  width=\"300\" height=\"200\" src=\"https:\/\/hotel-audotel.com\/wp-content\/uploads\/2022\/02\/5V3A0262-1-e1684910537690-300x200.jpg\"  class='colibri-997-c5-image' alt=\"Buffet d\u00e9jeuner Audotel Hotel Carcassonne proche de la cit\u00e9 m\u00e9di\u00e9vale de Carcassonne Aude France\" srcset=\"https:\/\/hotel-audotel.com\/wp-content\/uploads\/2022\/02\/5V3A0262-1-e1684910537690-300x200.jpg 300w, https:\/\/hotel-audotel.com\/wp-content\/uploads\/2022\/02\/5V3A0262-1-e1684910537690-768x512.jpg 768w, https:\/\/hotel-audotel.com\/wp-content\/uploads\/2022\/02\/5V3A0262-1-e1684910537690.jpg 980w\" sizes=\"(max-width: 300px) 100vw, 300px\" \/><\/a>\n\t\t\t<\/dt><\/dl><dl class='gallery-item masonry-item'>\n\t\t\t<dt class='gallery-icon landscape'>\n\t\t\t\t<a data-fancybox=\"colibri-997-c5-group\" href='https:\/\/hotel-audotel.com\/wp-content\/uploads\/2022\/02\/5V3A0277.1-e1684910478770.jpg'><img loading=\"lazy\" decoding=\"async\"  width=\"300\" height=\"201\" src=\"https:\/\/hotel-audotel.com\/wp-content\/uploads\/2022\/02\/5V3A0277.1-e1684910478770-300x201.jpg\"  class='colibri-997-c5-image' alt=\"Salle de repas Audotel Hotel Carcassonne proche de la cit\u00e9 m\u00e9di\u00e9vale de Carcassonne Aude France\" srcset=\"https:\/\/hotel-audotel.com\/wp-content\/uploads\/2022\/02\/5V3A0277.1-e1684910478770-300x201.jpg 300w, https:\/\/hotel-audotel.com\/wp-content\/uploads\/2022\/02\/5V3A0277.1-e1684910478770-768x515.jpg 768w, https:\/\/hotel-audotel.com\/wp-content\/uploads\/2022\/02\/5V3A0277.1-e1684910478770.jpg 980w\" sizes=\"(max-width: 300px) 100vw, 300px\" \/><\/a>\n\t\t\t<\/dt><\/dl>\n\t\t\t\n\t\t<\/div>\n<style>#colibri-997-c5 .wp-caption-text.gallery-caption{display:none;}<\/style><\/div><\/div>\n                <\/div>\n              <\/div>\n            <\/div>\n          <\/div>\n        <\/div>\n      <\/div>\n    <\/div>\n  <\/div>\n<\/div>","protected":false},"excerpt":{"rendered":"<p>Votre H\u00f4tel<\/p>\n","protected":false},"author":1,"featured_media":0,"parent":0,"menu_order":0,"comment_status":"closed","ping_status":"closed","template":"page-templates\/full-width-page.php","meta":{"ngg_post_thumbnail":0,"footnotes":""},"class_list":["post-997","page","type-page","status-publish","hentry"],"yoast_head":"<!-- This site is optimized with the Yoast SEO plugin v23.5 - https:\/\/yoast.com\/wordpress\/plugins\/seo\/ -->\n<title>Parties Communes - Ambiance - HOTEL AUDOTEL CARCASSONNE 2 ETOILES HOTEL PAS CHER<\/title>\n<meta name=\"robots\" content=\"index, follow, max-snippet:-1, max-image-preview:large, max-video-preview:-1\" \/>\n<link rel=\"canonical\" href=\"https:\/\/hotel-audotel.com\/index.php\/parties-communes-ambiance\/\" \/>\n<meta property=\"og:locale\" content=\"fr_FR\" \/>\n<meta property=\"og:type\" content=\"article\" \/>\n<meta property=\"og:title\" content=\"Parties Communes - Ambiance - HOTEL AUDOTEL CARCASSONNE 2 ETOILES HOTEL PAS CHER\" \/>\n<meta property=\"og:description\" content=\"Votre H\u00f4tel\" \/>\n<meta property=\"og:url\" content=\"https:\/\/hotel-audotel.com\/index.php\/parties-communes-ambiance\/\" \/>\n<meta property=\"og:site_name\" content=\"HOTEL AUDOTEL CARCASSONNE 2 ETOILES HOTEL PAS CHER\" \/>\n<meta property=\"article:publisher\" content=\"https:\/\/www.facebook.com\/audotel\/\" \/>\n<meta property=\"article:modified_time\" content=\"2022-02-28T13:41:04+00:00\" \/>\n<meta name=\"twitter:card\" content=\"summary_large_image\" \/>\n<script type=\"application\/ld+json\" class=\"yoast-schema-graph\">{\"@context\":\"https:\/\/schema.org\",\"@graph\":[{\"@type\":\"WebPage\",\"@id\":\"https:\/\/hotel-audotel.com\/index.php\/parties-communes-ambiance\/\",\"url\":\"https:\/\/hotel-audotel.com\/index.php\/parties-communes-ambiance\/\",\"name\":\"Parties Communes - Ambiance - HOTEL AUDOTEL CARCASSONNE 2 ETOILES HOTEL PAS CHER\",\"isPartOf\":{\"@id\":\"https:\/\/hotel-audotel.com\/#website\"},\"datePublished\":\"2022-02-25T10:12:28+00:00\",\"dateModified\":\"2022-02-28T13:41:04+00:00\",\"breadcrumb\":{\"@id\":\"https:\/\/hotel-audotel.com\/index.php\/parties-communes-ambiance\/#breadcrumb\"},\"inLanguage\":\"fr-FR\",\"potentialAction\":[{\"@type\":\"ReadAction\",\"target\":[\"https:\/\/hotel-audotel.com\/index.php\/parties-communes-ambiance\/\"]}]},{\"@type\":\"BreadcrumbList\",\"@id\":\"https:\/\/hotel-audotel.com\/index.php\/parties-communes-ambiance\/#breadcrumb\",\"itemListElement\":[{\"@type\":\"ListItem\",\"position\":1,\"name\":\"Home\",\"item\":\"https:\/\/hotel-audotel.com\/\"},{\"@type\":\"ListItem\",\"position\":2,\"name\":\"Parties Communes &#8211; Ambiance\"}]},{\"@type\":\"WebSite\",\"@id\":\"https:\/\/hotel-audotel.com\/#website\",\"url\":\"https:\/\/hotel-audotel.com\/\",\"name\":\"HOTEL AUDOTEL CARCASSONNE 2 ETOILES HOTEL PAS CHER\",\"description\":\"Audotel\",\"publisher\":{\"@id\":\"https:\/\/hotel-audotel.com\/#organization\"},\"potentialAction\":[{\"@type\":\"SearchAction\",\"target\":{\"@type\":\"EntryPoint\",\"urlTemplate\":\"https:\/\/hotel-audotel.com\/?s={search_term_string}\"},\"query-input\":{\"@type\":\"PropertyValueSpecification\",\"valueRequired\":true,\"valueName\":\"search_term_string\"}}],\"inLanguage\":\"fr-FR\"},{\"@type\":\"Organization\",\"@id\":\"https:\/\/hotel-audotel.com\/#organization\",\"name\":\"HOTEL AUDOTEL\",\"url\":\"https:\/\/hotel-audotel.com\/\",\"logo\":{\"@type\":\"ImageObject\",\"inLanguage\":\"fr-FR\",\"@id\":\"https:\/\/hotel-audotel.com\/#\/schema\/logo\/image\/\",\"url\":\"https:\/\/hotel-audotel.com\/wp-content\/uploads\/2022\/02\/logo.png\",\"contentUrl\":\"https:\/\/hotel-audotel.com\/wp-content\/uploads\/2022\/02\/logo.png\",\"width\":269,\"height\":197,\"caption\":\"HOTEL AUDOTEL\"},\"image\":{\"@id\":\"https:\/\/hotel-audotel.com\/#\/schema\/logo\/image\/\"},\"sameAs\":[\"https:\/\/www.facebook.com\/audotel\/\",\"https:\/\/www.instagram.com\/audotelcarcassonne\/\",\"https:\/\/www.linkedin.com\/company\/audotel-sarl\/\"]}]}<\/script>\n<!-- \/ Yoast SEO plugin. -->","yoast_head_json":{"title":"Parties Communes - Ambiance - HOTEL AUDOTEL CARCASSONNE 2 ETOILES HOTEL PAS CHER","robots":{"index":"index","follow":"follow","max-snippet":"max-snippet:-1","max-image-preview":"max-image-preview:large","max-video-preview":"max-video-preview:-1"},"canonical":"https:\/\/hotel-audotel.com\/index.php\/parties-communes-ambiance\/","og_locale":"fr_FR","og_type":"article","og_title":"Parties Communes - Ambiance - HOTEL AUDOTEL CARCASSONNE 2 ETOILES HOTEL PAS CHER","og_description":"Votre H\u00f4tel","og_url":"https:\/\/hotel-audotel.com\/index.php\/parties-communes-ambiance\/","og_site_name":"HOTEL AUDOTEL CARCASSONNE 2 ETOILES HOTEL PAS CHER","article_publisher":"https:\/\/www.facebook.com\/audotel\/","article_modified_time":"2022-02-28T13:41:04+00:00","twitter_card":"summary_large_image","schema":{"@context":"https:\/\/schema.org","@graph":[{"@type":"WebPage","@id":"https:\/\/hotel-audotel.com\/index.php\/parties-communes-ambiance\/","url":"https:\/\/hotel-audotel.com\/index.php\/parties-communes-ambiance\/","name":"Parties Communes - Ambiance - HOTEL AUDOTEL CARCASSONNE 2 ETOILES HOTEL PAS CHER","isPartOf":{"@id":"https:\/\/hotel-audotel.com\/#website"},"datePublished":"2022-02-25T10:12:28+00:00","dateModified":"2022-02-28T13:41:04+00:00","breadcrumb":{"@id":"https:\/\/hotel-audotel.com\/index.php\/parties-communes-ambiance\/#breadcrumb"},"inLanguage":"fr-FR","potentialAction":[{"@type":"ReadAction","target":["https:\/\/hotel-audotel.com\/index.php\/parties-communes-ambiance\/"]}]},{"@type":"BreadcrumbList","@id":"https:\/\/hotel-audotel.com\/index.php\/parties-communes-ambiance\/#breadcrumb","itemListElement":[{"@type":"ListItem","position":1,"name":"Home","item":"https:\/\/hotel-audotel.com\/"},{"@type":"ListItem","position":2,"name":"Parties Communes &#8211; Ambiance"}]},{"@type":"WebSite","@id":"https:\/\/hotel-audotel.com\/#website","url":"https:\/\/hotel-audotel.com\/","name":"HOTEL AUDOTEL CARCASSONNE 2 ETOILES HOTEL PAS CHER","description":"Audotel","publisher":{"@id":"https:\/\/hotel-audotel.com\/#organization"},"potentialAction":[{"@type":"SearchAction","target":{"@type":"EntryPoint","urlTemplate":"https:\/\/hotel-audotel.com\/?s={search_term_string}"},"query-input":{"@type":"PropertyValueSpecification","valueRequired":true,"valueName":"search_term_string"}}],"inLanguage":"fr-FR"},{"@type":"Organization","@id":"https:\/\/hotel-audotel.com\/#organization","name":"HOTEL AUDOTEL","url":"https:\/\/hotel-audotel.com\/","logo":{"@type":"ImageObject","inLanguage":"fr-FR","@id":"https:\/\/hotel-audotel.com\/#\/schema\/logo\/image\/","url":"https:\/\/hotel-audotel.com\/wp-content\/uploads\/2022\/02\/logo.png","contentUrl":"https:\/\/hotel-audotel.com\/wp-content\/uploads\/2022\/02\/logo.png","width":269,"height":197,"caption":"HOTEL AUDOTEL"},"image":{"@id":"https:\/\/hotel-audotel.com\/#\/schema\/logo\/image\/"},"sameAs":["https:\/\/www.facebook.com\/audotel\/","https:\/\/www.instagram.com\/audotelcarcassonne\/","https:\/\/www.linkedin.com\/company\/audotel-sarl\/"]}]}},"_links":{"self":[{"href":"https:\/\/hotel-audotel.com\/index.php\/wp-json\/wp\/v2\/pages\/997"}],"collection":[{"href":"https:\/\/hotel-audotel.com\/index.php\/wp-json\/wp\/v2\/pages"}],"about":[{"href":"https:\/\/hotel-audotel.com\/index.php\/wp-json\/wp\/v2\/types\/page"}],"author":[{"embeddable":true,"href":"https:\/\/hotel-audotel.com\/index.php\/wp-json\/wp\/v2\/users\/1"}],"replies":[{"embeddable":true,"href":"https:\/\/hotel-audotel.com\/index.php\/wp-json\/wp\/v2\/comments?post=997"}],"version-history":[{"count":3,"href":"https:\/\/hotel-audotel.com\/index.php\/wp-json\/wp\/v2\/pages\/997\/revisions"}],"predecessor-version":[{"id":1039,"href":"https:\/\/hotel-audotel.com\/index.php\/wp-json\/wp\/v2\/pages\/997\/revisions\/1039"}],"wp:attachment":[{"href":"https:\/\/hotel-audotel.com\/index.php\/wp-json\/wp\/v2\/media?parent=997"}],"curies":[{"name":"wp","href":"https:\/\/api.w.org\/{rel}","templated":true}]}}