{"id":912,"date":"2022-02-25T09:33:49","date_gmt":"2022-02-25T09:33:49","guid":{"rendered":"https:\/\/dev.hotel-audotel.com\/?page_id=912"},"modified":"2022-02-28T13:44:48","modified_gmt":"2022-02-28T13:44:48","slug":"chambre-triple","status":"publish","type":"page","link":"https:\/\/hotel-audotel.com\/index.php\/chambre-triple\/","title":{"rendered":"Chambre Triple"},"content":{"rendered":"<div data-colibri-id=\"912-c1\" class=\"style-859 style-local-912-c1 position-relative\">\n  <!---->\n  <div data-colibri-component=\"section\" data-colibri-id=\"912-c2\" id=\"reusable-sections\" class=\"h-section h-section-global-spacing d-flex align-items-lg-center align-items-md-center align-items-center style-860 style-local-912-c2 position-relative\">\n    <!---->\n    <!---->\n    <div class=\"h-section-grid-container h-section-boxed-container\">\n      <!---->\n      <div data-colibri-id=\"912-c3\" class=\"h-row-container gutters-row-lg-2 gutters-row-md-2 gutters-row-2 gutters-row-v-lg-2 gutters-row-v-md-2 gutters-row-v-2 style-861 style-local-912-c3 position-relative\">\n        <!---->\n        <div class=\"h-row justify-content-lg-center justify-content-md-center justify-content-center align-items-lg-stretch align-items-md-stretch align-items-stretch gutters-col-lg-2 gutters-col-md-2 gutters-col-2 gutters-col-v-lg-2 gutters-col-v-md-2 gutters-col-v-2\">\n          <!---->\n          <div class=\"h-column h-column-container d-flex h-col-lg-auto h-col-md-auto h-col-auto style-862-outer style-local-912-c4-outer\">\n            <div data-colibri-id=\"912-c4\" class=\"d-flex h-flex-basis h-column__inner h-px-lg-2 h-px-md-2 h-px-2 v-inner-lg-2 v-inner-md-2 v-inner-2 style-862 style-local-912-c4 position-relative\">\n              <!---->\n              <!---->\n              <div class=\"w-100 h-y-container h-column__content h-column__v-align flex-basis-100 align-self-lg-center align-self-md-center align-self-center\">\n                <!---->\n                <div data-colibri-id=\"912-c5\" class=\"h-multiple-image style-863 style-local-912-c5 position-relative h-element\">\n                  <!---->\n                  <div class=\"position-relative\">\n                    <div class=\"h-multiple-image-inside-container\">\n                      <div class=\"ratio-inner\">\n                        <div data-colibri-id=\"912-c6\" class=\"d-block style-864 style-local-912-c6 position-relative h-element\">\n                          <!---->\n                          <div class=\"h-image__frame-container-outer\">\n                            <div class=\"h-image__frame-container\">\n                              <!---->\n                              <!---->\n                              <img decoding=\"async\" src=\"https:\/\/hotel-audotel.com\/wp-content\/uploads\/2022\/02\/Audotel-Chambre-triple-1-scaled.jpg\" class=\"style-863-images style-local-912-c5-images wp-image-916 style-864-image style-local-912-c6-image\" alt=\"Chambre triple Audotel Hotel Carcassonne proche de la cit\u00e9 m\u00e9di\u00e9vale de Carcassonne Aude France\" \/>\n                              <div class=\"h-image__frame h-hide-lg h-hide-md h-hide-sm style-864-frameImage style-local-912-c6-frameImage\"><\/div>\n                            <\/div>\n                          <\/div>\n                        <\/div>\n                        <div data-colibri-id=\"912-c7\" class=\"d-block style-865 style-local-912-c7 position-relative h-element\">\n                          <!---->\n                          <div class=\"h-image__frame-container-outer\">\n                            <div class=\"h-image__frame-container\">\n                              <!---->\n                              <!---->\n                              <img decoding=\"async\" src=\"https:\/\/hotel-audotel.com\/wp-content\/uploads\/2022\/02\/Audotel-chambre-triple-scaled.jpg\" class=\"style-863-images style-local-912-c5-images wp-image-915 style-865-image style-local-912-c7-image\" alt=\"Chambre triple Audotel Hotel Carcassonne proche de la cit\u00e9 m\u00e9di\u00e9vale de Carcassonne Aude France\" \/>\n                              <div class=\"h-image__frame h-hide-lg h-hide-md h-hide-sm style-865-frameImage style-local-912-c7-frameImage\"><\/div>\n                            <\/div>\n                          <\/div>\n                        <\/div>\n                        <div data-colibri-id=\"912-c8\" class=\"d-block style-866 style-local-912-c8 position-relative h-element\">\n                          <!---->\n                          <div class=\"h-image__frame-container-outer\">\n                            <div class=\"h-image__frame-container\">\n                              <!---->\n                              <!---->\n                              <img decoding=\"async\" src=\"https:\/\/hotel-audotel.com\/wp-content\/uploads\/2022\/02\/5V3A0570-1-scaled.jpg\" class=\"style-863-images style-local-912-c5-images wp-image-861 style-866-image style-local-912-c8-image\" alt=\"Salle de bain Audotel Hotel Carcassonne proche de la cit\u00e9 m\u00e9di\u00e9vale de Carcassonne Aude France\" \/>\n                              <div class=\"h-image__frame h-hide-lg h-hide-md h-hide-sm style-866-frameImage style-local-912-c8-frameImage\"><\/div>\n                            <\/div>\n                          <\/div>\n                        <\/div>\n                      <\/div>\n                    <\/div>\n                  <\/div>\n                <\/div>\n              <\/div>\n            <\/div>\n          <\/div>\n          <div class=\"h-column h-column-container d-flex h-col-lg-auto h-col-md-auto h-col-auto style-867-outer style-local-912-c9-outer\">\n            <div data-colibri-id=\"912-c9\" class=\"d-flex h-flex-basis h-column__inner h-px-lg-2 h-px-md-2 h-px-2 v-inner-lg-2 v-inner-md-2 v-inner-2 style-867 style-local-912-c9 position-relative\">\n              <!---->\n              <!---->\n              <div class=\"w-100 h-y-container h-column__content h-column__v-align flex-basis-100 align-self-lg-center align-self-md-center align-self-center\">\n                <!---->\n                <div data-colibri-id=\"912-c10\" class=\"h-global-transition-all h-heading style-868 style-local-912-c10 position-relative h-element\">\n                  <!---->\n                  <div class=\"h-heading__outer style-868 style-local-912-c10\">\n                    <!---->\n                    <!---->\n                    <h2 class=\"\">Chambre Triple<\/h2>\n                  <\/div>\n                <\/div>\n                <div data-colibri-id=\"912-c11\" class=\"h-text h-text-component style-869 style-local-912-c11 position-relative h-element\">\n                  <!---->\n                  <!---->\n                  <div class=\"\">\n                    <p><em>Pour trois personnes<\/em><\/p>\n                    <p><em>Superficie 14M2<\/em><\/p>\n                    <p>*1 lit double 150&#215;190 et 1 lit simple 90&#215;190<\/p>\n                    <p>*douche<\/p>\n                    <p>*chauffage<\/p>\n                    <p>*TV \u00e9cran plat<\/p>\n                    <p>*Wifi<\/p>\n                    <p>*bureau<\/p>\n                    <p><span style=\"color: rgb(69, 129, 132); font-family: &quot;Open Sans&quot;, sans-serif;\">L\u2019H\u00f4tel AUDOTEL \u00e0 Carcassonne met \u00e0 votre disposition des chambres triples climatis\u00e9es ou non climatis\u00e9es. Nos chambres pour trois personnes sont toutes \u00e9quip\u00e9es d\u2019un lit double et d\u2019un lit simple ou de trois lits simples d\u2019une douche, de WC, d\u2019une t\u00e9l\u00e9vision \u00e0 \u00e9cran plat, de la Wifi, d&rsquo;un bureau. La cit\u00e9 de Carcassonne se trouve \u00e0 seulement 5 minutes en voiture de notre h\u00f4tel. C\u2019est dans une ambiance conviviale et chaleureuse que vous serez accueillis toute l\u2019ann\u00e9e au sein de notre h\u00f4tel** \u00e0 Carcassonne.<\/span><\/p>\n                  <\/div>\n                <\/div>\n                <div data-colibri-id=\"912-c12\" class=\"h-x-container style-870 style-local-912-c12 position-relative h-element\">\n                  <!---->\n                  <div class=\"h-x-container-inner style-dynamic-912-c12-group style-870-spacing style-local-912-c12-spacing\"><span class=\"h-button__outer style-871-outer style-local-912-c13-outer d-inline-flex h-element\"><a h-use-smooth-scroll=\"true\" href=\"https:\/\/secure.reservit.com\/fo\/booking\/2\/93602\/dates?specialMode=default&amp;langcode=FR&amp;__utmz=128918670.1627563189.1.1.utmcsr%3D(direct)%7Cutmccn%3D(direct)%7Cutmcmd%3D(none)&amp;custid=2&amp;_ga=GA1.3.985223895.1627563117&amp;__utmb=128918670.10.10.1627563189&amp;hotelid=93602&amp;__utmc=128918670&amp;m=booking&amp;__utma=128918670.985223895.1627563117.1627563189.1627563189.1\"  data-colibri-id=\"912-c13\" class=\"d-flex w-100 align-items-center h-button justify-content-lg-center justify-content-md-center justify-content-center style-871 style-local-912-c13 position-relative\"><!----><!----> <span>R\u00e9server une Chambre<\/span><\/a>\n                    <\/span>\n                  <\/div>\n                <\/div>\n              <\/div>\n            <\/div>\n          <\/div>\n        <\/div>\n      <\/div>\n    <\/div>\n  <\/div>\n<\/div>","protected":false},"excerpt":{"rendered":"<p>Chambre Triple Pour trois personnes Superficie 14M2 *1 lit double 150&#215;190 et 1 lit simple 90&#215;190 *douche *chauffage *TV \u00e9cran plat *Wifi *bureau L\u2019H\u00f4tel AUDOTEL \u00e0 Carcassonne met \u00e0 votre disposition des chambres triples climatis\u00e9es ou non climatis\u00e9es. Nos chambres pour trois personnes sont toutes \u00e9quip\u00e9es d\u2019un lit double et d\u2019un lit simple ou de [&hellip;]<\/p>\n","protected":false},"author":1,"featured_media":0,"parent":0,"menu_order":0,"comment_status":"closed","ping_status":"closed","template":"page-templates\/full-width-page.php","meta":{"ngg_post_thumbnail":0,"footnotes":""},"class_list":["post-912","page","type-page","status-publish","hentry"],"yoast_head":"<!-- This site is optimized with the Yoast SEO plugin v23.5 - https:\/\/yoast.com\/wordpress\/plugins\/seo\/ -->\n<title>Chambre Triple - HOTEL AUDOTEL CARCASSONNE 2 ETOILES HOTEL PAS CHER<\/title>\n<meta name=\"robots\" content=\"index, follow, max-snippet:-1, max-image-preview:large, max-video-preview:-1\" \/>\n<link rel=\"canonical\" href=\"https:\/\/hotel-audotel.com\/index.php\/chambre-triple\/\" \/>\n<meta property=\"og:locale\" content=\"fr_FR\" \/>\n<meta property=\"og:type\" content=\"article\" \/>\n<meta property=\"og:title\" content=\"Chambre Triple - HOTEL AUDOTEL CARCASSONNE 2 ETOILES HOTEL PAS CHER\" \/>\n<meta property=\"og:description\" content=\"Chambre Triple Pour trois personnes Superficie 14M2 *1 lit double 150&#215;190 et 1 lit simple 90&#215;190 *douche *chauffage *TV \u00e9cran plat *Wifi *bureau L\u2019H\u00f4tel AUDOTEL \u00e0 Carcassonne met \u00e0 votre disposition des chambres triples climatis\u00e9es ou non climatis\u00e9es. Nos chambres pour trois personnes sont toutes \u00e9quip\u00e9es d\u2019un lit double et d\u2019un lit simple ou de [&hellip;]\" \/>\n<meta property=\"og:url\" content=\"https:\/\/hotel-audotel.com\/index.php\/chambre-triple\/\" \/>\n<meta property=\"og:site_name\" content=\"HOTEL AUDOTEL CARCASSONNE 2 ETOILES HOTEL PAS CHER\" \/>\n<meta property=\"article:publisher\" content=\"https:\/\/www.facebook.com\/audotel\/\" \/>\n<meta property=\"article:modified_time\" content=\"2022-02-28T13:44:48+00:00\" \/>\n<meta property=\"og:image\" content=\"https:\/\/hotel-audotel.com\/wp-content\/uploads\/2022\/02\/Audotel-Chambre-triple-1-scaled.jpg\" \/>\n<meta name=\"twitter:card\" content=\"summary_large_image\" \/>\n<meta name=\"twitter:label1\" content=\"Dur\u00e9e de lecture estim\u00e9e\" \/>\n\t<meta name=\"twitter:data1\" content=\"1 minute\" \/>\n<script type=\"application\/ld+json\" class=\"yoast-schema-graph\">{\"@context\":\"https:\/\/schema.org\",\"@graph\":[{\"@type\":\"WebPage\",\"@id\":\"https:\/\/hotel-audotel.com\/index.php\/chambre-triple\/\",\"url\":\"https:\/\/hotel-audotel.com\/index.php\/chambre-triple\/\",\"name\":\"Chambre Triple - HOTEL AUDOTEL CARCASSONNE 2 ETOILES HOTEL PAS CHER\",\"isPartOf\":{\"@id\":\"https:\/\/hotel-audotel.com\/#website\"},\"primaryImageOfPage\":{\"@id\":\"https:\/\/hotel-audotel.com\/index.php\/chambre-triple\/#primaryimage\"},\"image\":{\"@id\":\"https:\/\/hotel-audotel.com\/index.php\/chambre-triple\/#primaryimage\"},\"thumbnailUrl\":\"https:\/\/hotel-audotel.com\/wp-content\/uploads\/2022\/02\/Audotel-Chambre-triple-1-scaled.jpg\",\"datePublished\":\"2022-02-25T09:33:49+00:00\",\"dateModified\":\"2022-02-28T13:44:48+00:00\",\"breadcrumb\":{\"@id\":\"https:\/\/hotel-audotel.com\/index.php\/chambre-triple\/#breadcrumb\"},\"inLanguage\":\"fr-FR\",\"potentialAction\":[{\"@type\":\"ReadAction\",\"target\":[\"https:\/\/hotel-audotel.com\/index.php\/chambre-triple\/\"]}]},{\"@type\":\"ImageObject\",\"inLanguage\":\"fr-FR\",\"@id\":\"https:\/\/hotel-audotel.com\/index.php\/chambre-triple\/#primaryimage\",\"url\":\"https:\/\/hotel-audotel.com\/wp-content\/uploads\/2022\/02\/Audotel-Chambre-triple-1-scaled-e1684911149206.jpg\",\"contentUrl\":\"https:\/\/hotel-audotel.com\/wp-content\/uploads\/2022\/02\/Audotel-Chambre-triple-1-scaled-e1684911149206.jpg\",\"width\":1280,\"height\":854,\"caption\":\"Chambre triple Audotel Hotel Carcassonne proche de la cit\u00e9 m\u00e9di\u00e9vale de Carcassonne Aude France\"},{\"@type\":\"BreadcrumbList\",\"@id\":\"https:\/\/hotel-audotel.com\/index.php\/chambre-triple\/#breadcrumb\",\"itemListElement\":[{\"@type\":\"ListItem\",\"position\":1,\"name\":\"Home\",\"item\":\"https:\/\/hotel-audotel.com\/\"},{\"@type\":\"ListItem\",\"position\":2,\"name\":\"Chambre Triple\"}]},{\"@type\":\"WebSite\",\"@id\":\"https:\/\/hotel-audotel.com\/#website\",\"url\":\"https:\/\/hotel-audotel.com\/\",\"name\":\"HOTEL AUDOTEL CARCASSONNE 2 ETOILES HOTEL PAS CHER\",\"description\":\"Audotel\",\"publisher\":{\"@id\":\"https:\/\/hotel-audotel.com\/#organization\"},\"potentialAction\":[{\"@type\":\"SearchAction\",\"target\":{\"@type\":\"EntryPoint\",\"urlTemplate\":\"https:\/\/hotel-audotel.com\/?s={search_term_string}\"},\"query-input\":{\"@type\":\"PropertyValueSpecification\",\"valueRequired\":true,\"valueName\":\"search_term_string\"}}],\"inLanguage\":\"fr-FR\"},{\"@type\":\"Organization\",\"@id\":\"https:\/\/hotel-audotel.com\/#organization\",\"name\":\"HOTEL AUDOTEL\",\"url\":\"https:\/\/hotel-audotel.com\/\",\"logo\":{\"@type\":\"ImageObject\",\"inLanguage\":\"fr-FR\",\"@id\":\"https:\/\/hotel-audotel.com\/#\/schema\/logo\/image\/\",\"url\":\"https:\/\/hotel-audotel.com\/wp-content\/uploads\/2022\/02\/logo.png\",\"contentUrl\":\"https:\/\/hotel-audotel.com\/wp-content\/uploads\/2022\/02\/logo.png\",\"width\":269,\"height\":197,\"caption\":\"HOTEL AUDOTEL\"},\"image\":{\"@id\":\"https:\/\/hotel-audotel.com\/#\/schema\/logo\/image\/\"},\"sameAs\":[\"https:\/\/www.facebook.com\/audotel\/\",\"https:\/\/www.instagram.com\/audotelcarcassonne\/\",\"https:\/\/www.linkedin.com\/company\/audotel-sarl\/\"]}]}<\/script>\n<!-- \/ Yoast SEO plugin. -->","yoast_head_json":{"title":"Chambre Triple - HOTEL AUDOTEL CARCASSONNE 2 ETOILES HOTEL PAS CHER","robots":{"index":"index","follow":"follow","max-snippet":"max-snippet:-1","max-image-preview":"max-image-preview:large","max-video-preview":"max-video-preview:-1"},"canonical":"https:\/\/hotel-audotel.com\/index.php\/chambre-triple\/","og_locale":"fr_FR","og_type":"article","og_title":"Chambre Triple - HOTEL AUDOTEL CARCASSONNE 2 ETOILES HOTEL PAS CHER","og_description":"Chambre Triple Pour trois personnes Superficie 14M2 *1 lit double 150&#215;190 et 1 lit simple 90&#215;190 *douche *chauffage *TV \u00e9cran plat *Wifi *bureau L\u2019H\u00f4tel AUDOTEL \u00e0 Carcassonne met \u00e0 votre disposition des chambres triples climatis\u00e9es ou non climatis\u00e9es. Nos chambres pour trois personnes sont toutes \u00e9quip\u00e9es d\u2019un lit double et d\u2019un lit simple ou de [&hellip;]","og_url":"https:\/\/hotel-audotel.com\/index.php\/chambre-triple\/","og_site_name":"HOTEL AUDOTEL CARCASSONNE 2 ETOILES HOTEL PAS CHER","article_publisher":"https:\/\/www.facebook.com\/audotel\/","article_modified_time":"2022-02-28T13:44:48+00:00","og_image":[{"url":"https:\/\/hotel-audotel.com\/wp-content\/uploads\/2022\/02\/Audotel-Chambre-triple-1-scaled.jpg"}],"twitter_card":"summary_large_image","twitter_misc":{"Dur\u00e9e de lecture estim\u00e9e":"1 minute"},"schema":{"@context":"https:\/\/schema.org","@graph":[{"@type":"WebPage","@id":"https:\/\/hotel-audotel.com\/index.php\/chambre-triple\/","url":"https:\/\/hotel-audotel.com\/index.php\/chambre-triple\/","name":"Chambre Triple - HOTEL AUDOTEL CARCASSONNE 2 ETOILES HOTEL PAS CHER","isPartOf":{"@id":"https:\/\/hotel-audotel.com\/#website"},"primaryImageOfPage":{"@id":"https:\/\/hotel-audotel.com\/index.php\/chambre-triple\/#primaryimage"},"image":{"@id":"https:\/\/hotel-audotel.com\/index.php\/chambre-triple\/#primaryimage"},"thumbnailUrl":"https:\/\/hotel-audotel.com\/wp-content\/uploads\/2022\/02\/Audotel-Chambre-triple-1-scaled.jpg","datePublished":"2022-02-25T09:33:49+00:00","dateModified":"2022-02-28T13:44:48+00:00","breadcrumb":{"@id":"https:\/\/hotel-audotel.com\/index.php\/chambre-triple\/#breadcrumb"},"inLanguage":"fr-FR","potentialAction":[{"@type":"ReadAction","target":["https:\/\/hotel-audotel.com\/index.php\/chambre-triple\/"]}]},{"@type":"ImageObject","inLanguage":"fr-FR","@id":"https:\/\/hotel-audotel.com\/index.php\/chambre-triple\/#primaryimage","url":"https:\/\/hotel-audotel.com\/wp-content\/uploads\/2022\/02\/Audotel-Chambre-triple-1-scaled-e1684911149206.jpg","contentUrl":"https:\/\/hotel-audotel.com\/wp-content\/uploads\/2022\/02\/Audotel-Chambre-triple-1-scaled-e1684911149206.jpg","width":1280,"height":854,"caption":"Chambre triple Audotel Hotel Carcassonne proche de la cit\u00e9 m\u00e9di\u00e9vale de Carcassonne Aude France"},{"@type":"BreadcrumbList","@id":"https:\/\/hotel-audotel.com\/index.php\/chambre-triple\/#breadcrumb","itemListElement":[{"@type":"ListItem","position":1,"name":"Home","item":"https:\/\/hotel-audotel.com\/"},{"@type":"ListItem","position":2,"name":"Chambre Triple"}]},{"@type":"WebSite","@id":"https:\/\/hotel-audotel.com\/#website","url":"https:\/\/hotel-audotel.com\/","name":"HOTEL AUDOTEL CARCASSONNE 2 ETOILES HOTEL PAS CHER","description":"Audotel","publisher":{"@id":"https:\/\/hotel-audotel.com\/#organization"},"potentialAction":[{"@type":"SearchAction","target":{"@type":"EntryPoint","urlTemplate":"https:\/\/hotel-audotel.com\/?s={search_term_string}"},"query-input":{"@type":"PropertyValueSpecification","valueRequired":true,"valueName":"search_term_string"}}],"inLanguage":"fr-FR"},{"@type":"Organization","@id":"https:\/\/hotel-audotel.com\/#organization","name":"HOTEL AUDOTEL","url":"https:\/\/hotel-audotel.com\/","logo":{"@type":"ImageObject","inLanguage":"fr-FR","@id":"https:\/\/hotel-audotel.com\/#\/schema\/logo\/image\/","url":"https:\/\/hotel-audotel.com\/wp-content\/uploads\/2022\/02\/logo.png","contentUrl":"https:\/\/hotel-audotel.com\/wp-content\/uploads\/2022\/02\/logo.png","width":269,"height":197,"caption":"HOTEL AUDOTEL"},"image":{"@id":"https:\/\/hotel-audotel.com\/#\/schema\/logo\/image\/"},"sameAs":["https:\/\/www.facebook.com\/audotel\/","https:\/\/www.instagram.com\/audotelcarcassonne\/","https:\/\/www.linkedin.com\/company\/audotel-sarl\/"]}]}},"_links":{"self":[{"href":"https:\/\/hotel-audotel.com\/index.php\/wp-json\/wp\/v2\/pages\/912"}],"collection":[{"href":"https:\/\/hotel-audotel.com\/index.php\/wp-json\/wp\/v2\/pages"}],"about":[{"href":"https:\/\/hotel-audotel.com\/index.php\/wp-json\/wp\/v2\/types\/page"}],"author":[{"embeddable":true,"href":"https:\/\/hotel-audotel.com\/index.php\/wp-json\/wp\/v2\/users\/1"}],"replies":[{"embeddable":true,"href":"https:\/\/hotel-audotel.com\/index.php\/wp-json\/wp\/v2\/comments?post=912"}],"version-history":[{"count":3,"href":"https:\/\/hotel-audotel.com\/index.php\/wp-json\/wp\/v2\/pages\/912\/revisions"}],"predecessor-version":[{"id":1054,"href":"https:\/\/hotel-audotel.com\/index.php\/wp-json\/wp\/v2\/pages\/912\/revisions\/1054"}],"wp:attachment":[{"href":"https:\/\/hotel-audotel.com\/index.php\/wp-json\/wp\/v2\/media?parent=912"}],"curies":[{"name":"wp","href":"https:\/\/api.w.org\/{rel}","templated":true}]}}