{"id":1124,"date":"2022-02-28T14:19:38","date_gmt":"2022-02-28T14:19:38","guid":{"rendered":"https:\/\/dev.hotel-audotel.com\/?page_id=1124"},"modified":"2024-09-22T08:54:12","modified_gmt":"2024-09-22T08:54:12","slug":"services-hotel-carcassonne","status":"publish","type":"page","link":"https:\/\/hotel-audotel.com\/index.php\/services-hotel-carcassonne\/","title":{"rendered":"Services"},"content":{"rendered":"<div data-colibri-id=\"1124-c1\" class=\"style-935 style-local-1124-c1 position-relative\">\n  <!---->\n  <div data-colibri-component=\"section\" data-colibri-id=\"1124-c2\" id=\"about\" class=\"h-section h-section-global-spacing d-flex align-items-lg-center align-items-md-center align-items-center style-936 style-local-1124-c2 position-relative\">\n    <!---->\n    <!---->\n    <div class=\"h-section-grid-container h-section-boxed-container\">\n      <!---->\n      <div data-colibri-id=\"1124-c3\" class=\"h-row-container gutters-row-lg-2 gutters-row-md-2 gutters-row-2 gutters-row-v-lg-2 gutters-row-v-md-2 gutters-row-v-2 style-937 style-local-1124-c3 position-relative\">\n        <!---->\n        <div class=\"h-row justify-content-lg-center justify-content-md-center justify-content-center align-items-lg-stretch align-items-md-stretch align-items-stretch gutters-col-lg-2 gutters-col-md-2 gutters-col-2 gutters-col-v-lg-2 gutters-col-v-md-2 gutters-col-v-2\">\n          <!---->\n          <div class=\"h-column h-column-container d-flex h-col-lg-auto h-col-md-auto h-col-auto style-938-outer style-local-1124-c4-outer\">\n            <div data-colibri-id=\"1124-c4\" class=\"d-flex h-flex-basis h-column__inner h-px-lg-2 h-px-md-2 h-px-2 v-inner-lg-2 v-inner-md-2 v-inner-2 style-938 style-local-1124-c4 position-relative\">\n              <!---->\n              <!---->\n              <div class=\"w-100 h-y-container h-column__content h-column__v-align flex-basis-100 align-self-lg-center align-self-md-center align-self-center\">\n                <!---->\n                <div data-colibri-id=\"1124-c5\" class=\"h-global-transition-all h-heading style-939 style-local-1124-c5 position-relative h-element\">\n                  <!---->\n                  <div class=\"h-heading__outer style-939 style-local-1124-c5\">\n                    <!---->\n                    <!---->\n                    <h2 class=\"\">Services<\/h2>\n                  <\/div>\n                <\/div>\n                <div data-colibri-id=\"1124-c6\" class=\"h-text h-text-component style-941 style-local-1124-c6 position-relative h-element\">\n                  <!---->\n                  <!---->\n                  <div class=\"\">\n                    <p><span style=\"color: var( --e-global-color-secondary ); font-size: 14.7px; font-family: inherit;\">Nous vous accueillons de 7h30 \u00e0 12h00 et de 14h30 \u00e0 20h00<\/span><\/p>\n                    <p><span style=\"color: var( --e-global-color-secondary ); font-size: 14.7px; font-family: inherit;\">Votre arriv\u00e9e est souhait\u00e9e de 14h30 \u00e0 19h00<\/span><\/p>\n                    <p><span style=\"color: var( --e-global-color-secondary ); font-size: 14.7px; font-family: inherit;\">Notre petit d\u00e9jeuner buffet est servi tous les jours de 7h30 \u00e0 10h00<\/span><\/p>\n                    <p><span style=\"color: var( --e-global-color-secondary ); font-size: 14.7px; font-family: inherit;\">Animaux de compagnie accept\u00e9s (avec suppl\u00e9ment)<\/span><\/p>\n                    <p><span style=\"color: var( --e-global-color-secondary ); font-size: 14.7px; font-family: inherit;\">Acc\u00e8s aux personnes \u00e0 mobilit\u00e9 r\u00e9duite<\/span><\/p>\n                    <p><span style=\"color: var( --e-global-color-secondary ); font-size: 14.7px; font-family: inherit;\">Distributeur de boisson et de confiserie 24\/24<\/span><\/p>\n                    <p><span style=\"color: var( --e-global-color-secondary ); font-size: 14.7px; font-family: inherit;\">Notre h\u00f4tel c\u2019est aussi : Un parking public gratuit toute la journ\u00e9e est \u00e0 votre disposition.<\/span><\/p>\n                    <p><span style=\"color: var( --e-global-color-secondary ); font-size: 14.7px; font-family: inherit;\">Nous disposons \u00e9galement d&rsquo;un garage o\u00f9 vous pouvez ranger vos v\u00e9los.<\/span><\/p>\n                    <p><span style=\"color: var( --e-global-color-secondary ); font-size: 14.7px; font-family: inherit;\">Une borne ext\u00e9rieure vous permet de louer une chambre 24h\/24 avec une carte bancaire ou r\u00e9cup\u00e9rer votre Chambre d\u00e9j\u00e0 r\u00e9serv\u00e9e.<\/span><\/p>\n                    <p><span style=\"font-size: 11pt;\">5 bornes \u00e9lectriques <\/span><\/p>\n                  <\/div>\n                <\/div>\n                <div data-colibri-id=\"1124-c7\" class=\"h-x-container style-942 style-local-1124-c7 position-relative h-element\">\n                  <!---->\n                  <div class=\"h-x-container-inner style-dynamic-1124-c7-group style-942-spacing style-local-1124-c7-spacing\"><span class=\"h-button__outer style-943-outer style-local-1124-c8-outer d-inline-flex h-element\"><a h-use-smooth-scroll=\"true\" href=\"https:\/\/secure.reservit.com\/fo\/booking\/2\/93602\/dates?specialMode=default&amp;langcode=FR&amp;__utmz=128918670.1627563189.1.1.utmcsr%3D(direct)%7Cutmccn%3D(direct)%7Cutmcmd%3D(none)&amp;custid=2&amp;_ga=GA1.3.985223895.1627563117&amp;__utmb=128918670.10.10.1627563189&amp;hotelid=93602&amp;__utmc=128918670&amp;m=booking&amp;__utma=128918670.985223895.1627563117.1627563189.1627563189.1\"  data-colibri-id=\"1124-c8\" class=\"d-flex w-100 align-items-center h-button justify-content-lg-center justify-content-md-center justify-content-center style-943 style-local-1124-c8 position-relative\"><!----><!----> <span>R\u00e9server une Chambre<\/span><\/a>\n                    <\/span>\n                  <\/div>\n                <\/div>\n              <\/div>\n            <\/div>\n          <\/div>\n          <div class=\"h-column h-column-container d-flex h-col-lg-auto h-col-md-auto h-col-auto style-944-outer style-local-1124-c9-outer\">\n            <div data-colibri-id=\"1124-c9\" class=\"d-flex h-flex-basis h-column__inner h-px-lg-2 h-px-md-2 h-px-2 v-inner-lg-2 v-inner-md-2 v-inner-2 style-944 style-local-1124-c9 position-relative\">\n              <!---->\n              <!---->\n              <div class=\"w-100 h-y-container h-column__content h-column__v-align flex-basis-100 align-self-lg-center align-self-md-center align-self-center\">\n                <!---->\n                <div data-colibri-id=\"1124-c10\" class=\"h-multiple-image style-945 style-local-1124-c10 position-relative h-element\">\n                  <!---->\n                  <div class=\"position-relative\">\n                    <div class=\"h-multiple-image-inside-container\">\n                      <div class=\"ratio-inner\">\n                        <div data-colibri-id=\"1124-c11\" class=\"d-block style-946 style-local-1124-c11 position-relative h-element\">\n                          <!---->\n                          <div class=\"h-image__frame-container-outer\">\n                            <div class=\"h-image__frame-container\">\n                              <!---->\n                              <div class=\"h-image__overlay style-946-overlay style-local-1124-c11-overlay\">\n                                <div class=\"overlay-layer\">\n                                  <div class=\"overlay-image-layer\" style=\"background-color: rgb(255, 255, 255); opacity: 0.5;\"><\/div>\n                                <\/div>\n                              <\/div>\n                              <img decoding=\"async\" src=\"https:\/\/hotel-audotel.com\/wp-content\/uploads\/2022\/02\/Audotel-Couloir-2-scaled.jpg\" class=\"style-945-images style-local-1124-c10-images wp-image-1009 style-946-image style-local-1124-c11-image\" alt=\"couloir Audotel Hotel Carcassonne proche de la cit\u00e9 m\u00e9di\u00e9vale de Carcassonne Aude France\" \/>\n                              <div class=\"h-image__frame h-hide-lg h-hide-md h-hide-sm style-946-frameImage style-local-1124-c11-frameImage\"><\/div>\n                            <\/div>\n                          <\/div>\n                        <\/div>\n                        <div data-colibri-id=\"1124-c12\" class=\"d-block style-947 style-local-1124-c12 position-relative h-element\">\n                          <!---->\n                          <div class=\"h-image__frame-container-outer\">\n                            <div class=\"h-image__frame-container\">\n                              <!---->\n                              <div class=\"h-image__overlay style-947-overlay style-local-1124-c12-overlay\">\n                                <div class=\"overlay-layer\">\n                                  <div class=\"overlay-image-layer\" style=\"background-color: rgb(3, 169, 244); opacity: 0.5;\"><\/div>\n                                <\/div>\n                              <\/div>\n                              <img decoding=\"async\" src=\"https:\/\/hotel-audotel.com\/wp-content\/uploads\/2022\/02\/cropped-IMG_6013-scaled-1.jpeg\" class=\"style-945-images style-local-1124-c10-images wp-image-1128 style-947-image style-local-1124-c12-image\" alt=\"\" \/>\n                              <div class=\"h-image__frame h-hide-lg h-hide-md h-hide-sm style-947-frameImage style-local-1124-c12-frameImage\"><\/div>\n                            <\/div>\n                          <\/div>\n                        <\/div>\n                        <div data-colibri-id=\"1124-c13\" class=\"d-block style-948 style-local-1124-c13 position-relative h-element\">\n                          <!---->\n                          <div class=\"h-image__frame-container-outer\">\n                            <div class=\"h-image__frame-container\">\n                              <!---->\n                              <div class=\"h-image__overlay style-948-overlay style-local-1124-c13-overlay\">\n                                <div class=\"overlay-layer\">\n                                  <div class=\"overlay-image-layer\" style=\"background-color: rgb(3, 169, 244); opacity: 0.5;\"><\/div>\n                                <\/div>\n                              <\/div>\n                              <img decoding=\"async\" src=\"https:\/\/hotel-audotel.com\/wp-content\/uploads\/2022\/02\/5V3A0338-2-1-scaled.jpg\" class=\"style-945-images style-local-1124-c10-images wp-image-1000 style-948-image style-local-1124-c13-image\" alt=\"Service Audotel Hotel Carcassonne proche de la cit\u00e9 m\u00e9di\u00e9vale de Carcassonne Aude France\" \/>\n                              <div class=\"h-image__frame h-hide-lg h-hide-md h-hide-sm style-948-frameImage style-local-1124-c13-frameImage\"><\/div>\n                            <\/div>\n                          <\/div>\n                        <\/div>\n                        <div data-colibri-id=\"1124-c14\" class=\"d-block style-949 style-local-1124-c14 position-relative h-element\">\n                          <!---->\n                          <div class=\"h-image__frame-container-outer\">\n                            <div class=\"h-image__frame-container\">\n                              <!---->\n                              <div class=\"h-image__overlay style-949-overlay style-local-1124-c14-overlay\">\n                                <div class=\"overlay-layer\">\n                                  <div class=\"overlay-image-layer\" style=\"background-color: rgb(255, 255, 255); opacity: 0.5;\"><\/div>\n                                <\/div>\n                              <\/div>\n                              <img decoding=\"async\" src=\"https:\/\/hotel-audotel.com\/wp-content\/uploads\/2022\/02\/5V3A0299-1.jpg\" class=\"style-945-images style-local-1124-c10-images wp-image-987 style-949-image style-local-1124-c14-image\" alt=\"Terrasse Audotel Hotel Carcassonne proche de la cit\u00e9 m\u00e9di\u00e9vale de Carcassonne Aude France\" \/>\n                              <div class=\"h-image__frame h-hide-lg h-hide-md h-hide-sm style-949-frameImage style-local-1124-c14-frameImage\"><\/div>\n                            <\/div>\n                          <\/div>\n                        <\/div>\n                      <\/div>\n                    <\/div>\n                  <\/div>\n                <\/div>\n              <\/div>\n            <\/div>\n          <\/div>\n        <\/div>\n      <\/div>\n    <\/div>\n  <\/div>\n<\/div>","protected":false},"excerpt":{"rendered":"<p>Services Nous vous accueillons de 7h30 \u00e0 12h00 et de 14h30 \u00e0 20h00 Votre arriv\u00e9e est souhait\u00e9e de 14h30 \u00e0 19h00 Notre petit d\u00e9jeuner buffet est servi tous les jours de 7h30 \u00e0 10h00 Animaux de compagnie accept\u00e9s (avec suppl\u00e9ment) Acc\u00e8s aux personnes \u00e0 mobilit\u00e9 r\u00e9duite Distributeur de boisson et de confiserie 24\/24 Notre h\u00f4tel [&hellip;]<\/p>\n","protected":false},"author":1,"featured_media":702,"parent":0,"menu_order":0,"comment_status":"closed","ping_status":"closed","template":"page-templates\/full-width-page.php","meta":{"ngg_post_thumbnail":0,"footnotes":""},"class_list":["post-1124","page","type-page","status-publish","has-post-thumbnail","hentry"],"yoast_head":"<!-- This site is optimized with the Yoast SEO plugin v23.5 - https:\/\/yoast.com\/wordpress\/plugins\/seo\/ -->\n<title>Services - HOTEL AUDOTEL CARCASSONNE 2 ETOILES HOTEL PAS CHER<\/title>\n<meta name=\"description\" content=\"L&#039;hotel AUDOTEL Carcassonne est un hotel familial et convivial id\u00e9al pour passer un agr\u00e9able s\u00e9jour proche de la cit\u00e9 m\u00e9di\u00e9vale.\" \/>\n<meta name=\"robots\" content=\"index, follow, max-snippet:-1, max-image-preview:large, max-video-preview:-1\" \/>\n<link rel=\"canonical\" href=\"https:\/\/hotel-audotel.com\/index.php\/services-hotel-carcassonne\/\" \/>\n<meta property=\"og:locale\" content=\"fr_FR\" \/>\n<meta property=\"og:type\" content=\"article\" \/>\n<meta property=\"og:title\" content=\"Services - HOTEL AUDOTEL CARCASSONNE 2 ETOILES HOTEL PAS CHER\" \/>\n<meta property=\"og:description\" content=\"L&#039;hotel AUDOTEL Carcassonne est un hotel familial et convivial id\u00e9al pour passer un agr\u00e9able s\u00e9jour proche de la cit\u00e9 m\u00e9di\u00e9vale.\" \/>\n<meta property=\"og:url\" content=\"https:\/\/hotel-audotel.com\/index.php\/services-hotel-carcassonne\/\" \/>\n<meta property=\"og:site_name\" content=\"HOTEL AUDOTEL CARCASSONNE 2 ETOILES HOTEL PAS CHER\" \/>\n<meta property=\"article:publisher\" content=\"https:\/\/www.facebook.com\/audotel\/\" \/>\n<meta property=\"article:modified_time\" content=\"2024-09-22T08:54:12+00:00\" \/>\n<meta property=\"og:image\" content=\"https:\/\/hotel-audotel.com\/wp-content\/uploads\/2022\/02\/logo.png\" \/>\n\t<meta property=\"og:image:width\" content=\"269\" \/>\n\t<meta property=\"og:image:height\" content=\"197\" \/>\n\t<meta property=\"og:image:type\" content=\"image\/png\" \/>\n<meta name=\"twitter:card\" content=\"summary_large_image\" \/>\n<meta name=\"twitter:label1\" content=\"Dur\u00e9e de lecture estim\u00e9e\" \/>\n\t<meta name=\"twitter:data1\" content=\"2 minutes\" \/>\n<script type=\"application\/ld+json\" class=\"yoast-schema-graph\">{\"@context\":\"https:\/\/schema.org\",\"@graph\":[{\"@type\":\"WebPage\",\"@id\":\"https:\/\/hotel-audotel.com\/index.php\/services-hotel-carcassonne\/\",\"url\":\"https:\/\/hotel-audotel.com\/index.php\/services-hotel-carcassonne\/\",\"name\":\"Services - HOTEL AUDOTEL CARCASSONNE 2 ETOILES HOTEL PAS CHER\",\"isPartOf\":{\"@id\":\"https:\/\/hotel-audotel.com\/#website\"},\"primaryImageOfPage\":{\"@id\":\"https:\/\/hotel-audotel.com\/index.php\/services-hotel-carcassonne\/#primaryimage\"},\"image\":{\"@id\":\"https:\/\/hotel-audotel.com\/index.php\/services-hotel-carcassonne\/#primaryimage\"},\"thumbnailUrl\":\"https:\/\/hotel-audotel.com\/wp-content\/uploads\/2022\/02\/logo.png\",\"datePublished\":\"2022-02-28T14:19:38+00:00\",\"dateModified\":\"2024-09-22T08:54:12+00:00\",\"description\":\"L'hotel AUDOTEL Carcassonne est un hotel familial et convivial id\u00e9al pour passer un agr\u00e9able s\u00e9jour proche de la cit\u00e9 m\u00e9di\u00e9vale.\",\"breadcrumb\":{\"@id\":\"https:\/\/hotel-audotel.com\/index.php\/services-hotel-carcassonne\/#breadcrumb\"},\"inLanguage\":\"fr-FR\",\"potentialAction\":[{\"@type\":\"ReadAction\",\"target\":[\"https:\/\/hotel-audotel.com\/index.php\/services-hotel-carcassonne\/\"]}]},{\"@type\":\"ImageObject\",\"inLanguage\":\"fr-FR\",\"@id\":\"https:\/\/hotel-audotel.com\/index.php\/services-hotel-carcassonne\/#primaryimage\",\"url\":\"https:\/\/hotel-audotel.com\/wp-content\/uploads\/2022\/02\/logo.png\",\"contentUrl\":\"https:\/\/hotel-audotel.com\/wp-content\/uploads\/2022\/02\/logo.png\",\"width\":269,\"height\":197,\"caption\":\"Logo Audotel Hotel Carcassonne proche de la cit\u00e9 m\u00e9di\u00e9vale de Carcassonne Aude France\"},{\"@type\":\"BreadcrumbList\",\"@id\":\"https:\/\/hotel-audotel.com\/index.php\/services-hotel-carcassonne\/#breadcrumb\",\"itemListElement\":[{\"@type\":\"ListItem\",\"position\":1,\"name\":\"Home\",\"item\":\"https:\/\/hotel-audotel.com\/\"},{\"@type\":\"ListItem\",\"position\":2,\"name\":\"Services\"}]},{\"@type\":\"WebSite\",\"@id\":\"https:\/\/hotel-audotel.com\/#website\",\"url\":\"https:\/\/hotel-audotel.com\/\",\"name\":\"HOTEL AUDOTEL CARCASSONNE 2 ETOILES HOTEL PAS CHER\",\"description\":\"Audotel\",\"publisher\":{\"@id\":\"https:\/\/hotel-audotel.com\/#organization\"},\"potentialAction\":[{\"@type\":\"SearchAction\",\"target\":{\"@type\":\"EntryPoint\",\"urlTemplate\":\"https:\/\/hotel-audotel.com\/?s={search_term_string}\"},\"query-input\":{\"@type\":\"PropertyValueSpecification\",\"valueRequired\":true,\"valueName\":\"search_term_string\"}}],\"inLanguage\":\"fr-FR\"},{\"@type\":\"Organization\",\"@id\":\"https:\/\/hotel-audotel.com\/#organization\",\"name\":\"HOTEL AUDOTEL\",\"url\":\"https:\/\/hotel-audotel.com\/\",\"logo\":{\"@type\":\"ImageObject\",\"inLanguage\":\"fr-FR\",\"@id\":\"https:\/\/hotel-audotel.com\/#\/schema\/logo\/image\/\",\"url\":\"https:\/\/hotel-audotel.com\/wp-content\/uploads\/2022\/02\/logo.png\",\"contentUrl\":\"https:\/\/hotel-audotel.com\/wp-content\/uploads\/2022\/02\/logo.png\",\"width\":269,\"height\":197,\"caption\":\"HOTEL AUDOTEL\"},\"image\":{\"@id\":\"https:\/\/hotel-audotel.com\/#\/schema\/logo\/image\/\"},\"sameAs\":[\"https:\/\/www.facebook.com\/audotel\/\",\"https:\/\/www.instagram.com\/audotelcarcassonne\/\",\"https:\/\/www.linkedin.com\/company\/audotel-sarl\/\"]}]}<\/script>\n<!-- \/ Yoast SEO plugin. -->","yoast_head_json":{"title":"Services - HOTEL AUDOTEL CARCASSONNE 2 ETOILES HOTEL PAS CHER","description":"L'hotel AUDOTEL Carcassonne est un hotel familial et convivial id\u00e9al pour passer un agr\u00e9able s\u00e9jour proche de la cit\u00e9 m\u00e9di\u00e9vale.","robots":{"index":"index","follow":"follow","max-snippet":"max-snippet:-1","max-image-preview":"max-image-preview:large","max-video-preview":"max-video-preview:-1"},"canonical":"https:\/\/hotel-audotel.com\/index.php\/services-hotel-carcassonne\/","og_locale":"fr_FR","og_type":"article","og_title":"Services - HOTEL AUDOTEL CARCASSONNE 2 ETOILES HOTEL PAS CHER","og_description":"L'hotel AUDOTEL Carcassonne est un hotel familial et convivial id\u00e9al pour passer un agr\u00e9able s\u00e9jour proche de la cit\u00e9 m\u00e9di\u00e9vale.","og_url":"https:\/\/hotel-audotel.com\/index.php\/services-hotel-carcassonne\/","og_site_name":"HOTEL AUDOTEL CARCASSONNE 2 ETOILES HOTEL PAS CHER","article_publisher":"https:\/\/www.facebook.com\/audotel\/","article_modified_time":"2024-09-22T08:54:12+00:00","og_image":[{"width":269,"height":197,"url":"https:\/\/hotel-audotel.com\/wp-content\/uploads\/2022\/02\/logo.png","type":"image\/png"}],"twitter_card":"summary_large_image","twitter_misc":{"Dur\u00e9e de lecture estim\u00e9e":"2 minutes"},"schema":{"@context":"https:\/\/schema.org","@graph":[{"@type":"WebPage","@id":"https:\/\/hotel-audotel.com\/index.php\/services-hotel-carcassonne\/","url":"https:\/\/hotel-audotel.com\/index.php\/services-hotel-carcassonne\/","name":"Services - HOTEL AUDOTEL CARCASSONNE 2 ETOILES HOTEL PAS CHER","isPartOf":{"@id":"https:\/\/hotel-audotel.com\/#website"},"primaryImageOfPage":{"@id":"https:\/\/hotel-audotel.com\/index.php\/services-hotel-carcassonne\/#primaryimage"},"image":{"@id":"https:\/\/hotel-audotel.com\/index.php\/services-hotel-carcassonne\/#primaryimage"},"thumbnailUrl":"https:\/\/hotel-audotel.com\/wp-content\/uploads\/2022\/02\/logo.png","datePublished":"2022-02-28T14:19:38+00:00","dateModified":"2024-09-22T08:54:12+00:00","description":"L'hotel AUDOTEL Carcassonne est un hotel familial et convivial id\u00e9al pour passer un agr\u00e9able s\u00e9jour proche de la cit\u00e9 m\u00e9di\u00e9vale.","breadcrumb":{"@id":"https:\/\/hotel-audotel.com\/index.php\/services-hotel-carcassonne\/#breadcrumb"},"inLanguage":"fr-FR","potentialAction":[{"@type":"ReadAction","target":["https:\/\/hotel-audotel.com\/index.php\/services-hotel-carcassonne\/"]}]},{"@type":"ImageObject","inLanguage":"fr-FR","@id":"https:\/\/hotel-audotel.com\/index.php\/services-hotel-carcassonne\/#primaryimage","url":"https:\/\/hotel-audotel.com\/wp-content\/uploads\/2022\/02\/logo.png","contentUrl":"https:\/\/hotel-audotel.com\/wp-content\/uploads\/2022\/02\/logo.png","width":269,"height":197,"caption":"Logo Audotel Hotel Carcassonne proche de la cit\u00e9 m\u00e9di\u00e9vale de Carcassonne Aude France"},{"@type":"BreadcrumbList","@id":"https:\/\/hotel-audotel.com\/index.php\/services-hotel-carcassonne\/#breadcrumb","itemListElement":[{"@type":"ListItem","position":1,"name":"Home","item":"https:\/\/hotel-audotel.com\/"},{"@type":"ListItem","position":2,"name":"Services"}]},{"@type":"WebSite","@id":"https:\/\/hotel-audotel.com\/#website","url":"https:\/\/hotel-audotel.com\/","name":"HOTEL AUDOTEL CARCASSONNE 2 ETOILES HOTEL PAS CHER","description":"Audotel","publisher":{"@id":"https:\/\/hotel-audotel.com\/#organization"},"potentialAction":[{"@type":"SearchAction","target":{"@type":"EntryPoint","urlTemplate":"https:\/\/hotel-audotel.com\/?s={search_term_string}"},"query-input":{"@type":"PropertyValueSpecification","valueRequired":true,"valueName":"search_term_string"}}],"inLanguage":"fr-FR"},{"@type":"Organization","@id":"https:\/\/hotel-audotel.com\/#organization","name":"HOTEL AUDOTEL","url":"https:\/\/hotel-audotel.com\/","logo":{"@type":"ImageObject","inLanguage":"fr-FR","@id":"https:\/\/hotel-audotel.com\/#\/schema\/logo\/image\/","url":"https:\/\/hotel-audotel.com\/wp-content\/uploads\/2022\/02\/logo.png","contentUrl":"https:\/\/hotel-audotel.com\/wp-content\/uploads\/2022\/02\/logo.png","width":269,"height":197,"caption":"HOTEL AUDOTEL"},"image":{"@id":"https:\/\/hotel-audotel.com\/#\/schema\/logo\/image\/"},"sameAs":["https:\/\/www.facebook.com\/audotel\/","https:\/\/www.instagram.com\/audotelcarcassonne\/","https:\/\/www.linkedin.com\/company\/audotel-sarl\/"]}]}},"_links":{"self":[{"href":"https:\/\/hotel-audotel.com\/index.php\/wp-json\/wp\/v2\/pages\/1124"}],"collection":[{"href":"https:\/\/hotel-audotel.com\/index.php\/wp-json\/wp\/v2\/pages"}],"about":[{"href":"https:\/\/hotel-audotel.com\/index.php\/wp-json\/wp\/v2\/types\/page"}],"author":[{"embeddable":true,"href":"https:\/\/hotel-audotel.com\/index.php\/wp-json\/wp\/v2\/users\/1"}],"replies":[{"embeddable":true,"href":"https:\/\/hotel-audotel.com\/index.php\/wp-json\/wp\/v2\/comments?post=1124"}],"version-history":[{"count":4,"href":"https:\/\/hotel-audotel.com\/index.php\/wp-json\/wp\/v2\/pages\/1124\/revisions"}],"predecessor-version":[{"id":1494,"href":"https:\/\/hotel-audotel.com\/index.php\/wp-json\/wp\/v2\/pages\/1124\/revisions\/1494"}],"wp:featuredmedia":[{"embeddable":true,"href":"https:\/\/hotel-audotel.com\/index.php\/wp-json\/wp\/v2\/media\/702"}],"wp:attachment":[{"href":"https:\/\/hotel-audotel.com\/index.php\/wp-json\/wp\/v2\/media?parent=1124"}],"curies":[{"name":"wp","href":"https:\/\/api.w.org\/{rel}","templated":true}]}}